{"id":2944,"date":"2022-01-18T16:53:46","date_gmt":"2022-01-18T15:53:46","guid":{"rendered":"https:\/\/unicorno.undefiniert.ch\/la-nostra-casa\/piscina\/"},"modified":"2022-05-02T16:30:16","modified_gmt":"2022-05-02T14:30:16","slug":"piscina","status":"publish","type":"page","link":"https:\/\/unicorno.eu\/it\/la-nostra-casa\/piscina\/","title":{"rendered":"Piscina"},"content":{"rendered":"\t\t<div data-elementor-type=\"wp-page\" data-elementor-id=\"2944\" class=\"elementor elementor-2944 elementor-2097\" data-elementor-settings=\"{&quot;ha_cmc_init_switcher&quot;:&quot;no&quot;}\" data-elementor-post-type=\"page\">\n\t\t\t\t\t\t<section class=\"elementor-section elementor-top-section elementor-element elementor-element-f0095a8 elementor-section-boxed elementor-section-height-default elementor-section-height-default\" data-id=\"f0095a8\" data-element_type=\"section\" data-e-type=\"section\" id=\"top\" data-settings=\"{&quot;background_background&quot;:&quot;classic&quot;,&quot;_ha_eqh_enable&quot;:false}\">\n\t\t\t\t\t\t<div class=\"elementor-container elementor-column-gap-no\">\n\t\t\t\t\t<div class=\"elementor-column elementor-col-100 elementor-top-column elementor-element elementor-element-ebb36bc\" data-id=\"ebb36bc\" data-element_type=\"column\" data-e-type=\"column\">\n\t\t\t<div class=\"elementor-widget-wrap elementor-element-populated\">\n\t\t\t\t\t\t<div class=\"elementor-element elementor-element-7e472ae elementor-widget elementor-widget-heading\" data-id=\"7e472ae\" data-element_type=\"widget\" data-e-type=\"widget\" data-widget_type=\"heading.default\">\n\t\t\t\t<div class=\"elementor-widget-container\">\n\t\t\t\t\t<h1 class=\"elementor-heading-title elementor-size-default\">Piscina<\/h1>\t\t\t\t<\/div>\n\t\t\t\t<\/div>\n\t\t\t\t\t<\/div>\n\t\t<\/div>\n\t\t\t\t\t<\/div>\n\t\t<\/section>\n\t\t\t\t<section class=\"elementor-section elementor-top-section elementor-element elementor-element-c8babb0 elementor-section-boxed elementor-section-height-default elementor-section-height-default\" data-id=\"c8babb0\" data-element_type=\"section\" data-e-type=\"section\" data-settings=\"{&quot;background_background&quot;:&quot;classic&quot;,&quot;_ha_eqh_enable&quot;:false}\">\n\t\t\t\t\t\t<div class=\"elementor-container elementor-column-gap-no\">\n\t\t\t\t\t<div class=\"elementor-column elementor-col-100 elementor-top-column elementor-element elementor-element-f81a181\" data-id=\"f81a181\" data-element_type=\"column\" data-e-type=\"column\">\n\t\t\t<div class=\"elementor-widget-wrap elementor-element-populated\">\n\t\t\t\t\t\t<div class=\"elementor-element elementor-element-7152c7f elementor-align-right elementor-fixed elementor-widget elementor-widget-global elementor-global-4177 elementor-widget-button\" data-id=\"7152c7f\" data-element_type=\"widget\" data-e-type=\"widget\" data-settings=\"{&quot;_position&quot;:&quot;fixed&quot;}\" data-widget_type=\"button.default\">\n\t\t\t\t<div class=\"elementor-widget-container\">\n\t\t\t\t\t\t\t\t\t<div class=\"elementor-button-wrapper\">\n\t\t\t\t\t<a class=\"elementor-button elementor-button-link elementor-size-sm\" href=\"#top\">\n\t\t\t\t\t\t<span class=\"elementor-button-content-wrapper\">\n\t\t\t\t\t\t<span class=\"elementor-button-icon\">\n\t\t\t\t<i aria-hidden=\"true\" class=\"fas fa-arrow-up\"><\/i>\t\t\t<\/span>\n\t\t\t\t\t\t\t\t\t<span class=\"elementor-button-text\">top<\/span>\n\t\t\t\t\t<\/span>\n\t\t\t\t\t<\/a>\n\t\t\t\t<\/div>\n\t\t\t\t\t\t\t\t<\/div>\n\t\t\t\t<\/div>\n\t\t\t\t<div class=\"elementor-element elementor-element-37ad5a0 elementor-widget elementor-widget-heading\" data-id=\"37ad5a0\" data-element_type=\"widget\" data-e-type=\"widget\" data-widget_type=\"heading.default\">\n\t\t\t\t<div class=\"elementor-widget-container\">\n\t\t\t\t\t<h6 class=\"elementor-heading-title elementor-size-default\">GODETEVI LA BELLA ITALIA<\/h6>\t\t\t\t<\/div>\n\t\t\t\t<\/div>\n\t\t\t\t<div class=\"elementor-element elementor-element-07aea79 elementor-widget elementor-widget-heading\" data-id=\"07aea79\" data-element_type=\"widget\" data-e-type=\"widget\" data-widget_type=\"heading.default\">\n\t\t\t\t<div class=\"elementor-widget-container\">\n\t\t\t\t\t<h2 class=\"elementor-heading-title elementor-size-default\">Piacevoli nuotate e comodo relax al caldo sole del lago di Garda<\/h2>\t\t\t\t<\/div>\n\t\t\t\t<\/div>\n\t\t\t\t<div class=\"elementor-element elementor-element-d06835c elementor-widget elementor-widget-image\" data-id=\"d06835c\" data-element_type=\"widget\" data-e-type=\"widget\" data-widget_type=\"image.default\">\n\t\t\t\t<div class=\"elementor-widget-container\">\n\t\t\t\t\t\t\t\t\t\t\t\t\t\t\t<img decoding=\"async\" src=\"https:\/\/unicorno.eu\/wp-content\/uploads\/2021\/04\/divider.svg\" class=\"attachment-full size-full wp-image-1505\" alt=\"\" \/>\t\t\t\t\t\t\t\t\t\t\t\t\t\t\t<\/div>\n\t\t\t\t<\/div>\n\t\t\t\t<section class=\"elementor-section elementor-inner-section elementor-element elementor-element-bfcd8cd elementor-section-boxed elementor-section-height-default elementor-section-height-default\" data-id=\"bfcd8cd\" data-element_type=\"section\" data-e-type=\"section\" data-settings=\"{&quot;_ha_eqh_enable&quot;:false}\">\n\t\t\t\t\t\t<div class=\"elementor-container elementor-column-gap-no\">\n\t\t\t\t\t<div class=\"elementor-column elementor-col-100 elementor-inner-column elementor-element elementor-element-ee4ce10\" data-id=\"ee4ce10\" data-element_type=\"column\" data-e-type=\"column\">\n\t\t\t<div class=\"elementor-widget-wrap elementor-element-populated\">\n\t\t\t\t\t\t<div class=\"elementor-element elementor-element-97ac098 elementor-widget elementor-widget-text-editor\" data-id=\"97ac098\" data-element_type=\"widget\" data-e-type=\"widget\" data-widget_type=\"text-editor.default\">\n\t\t\t\t<div class=\"elementor-widget-container\">\n\t\t\t\t\t\t\t\t\tCosa c\u2019\u00e8 di pi\u00f9 rilassante che nuotare, fare il bagno e rilassarsi sul lago di Garda? La nostra piscina d\u2019acqua salata con due sedute di idromassaggio all\u2019interno \u00e8 riscaldata con pannelli solari-termici, in linea con la nostra filosofia, e vi invita a fare il bagno da met\u00e0 maggio a fine ottobre, a seconda del tempo e delle temperature esterne. Asciugamani da bagno, comode sedie sdraio, ombrelloni e un bel posto sul prato verde sono inclusi nel prezzo del Vostro soggiorno. Vi chiediamo di fare attenzione e sorvegliare i bambini piccoli (o i non nuotatori) in ogni momento. Poich\u00e9 l\u2019area della piscina non \u00e8 sorvegliata da un bagnino, l\u2019uso della piscina \u00e8 sotto la vostra responsabilit\u00e0. La piscina misura 14mt di lunghezza x 7 mt in larghezza ed una profondit\u00e0 minima di mt. 1.00 e massima di mt 1,40. Le nostre galline vi accoglieranno con curiosit\u00e0, ma con il dovuto rispetto.\r\n\r\nL\u2019orario di apertura della piscina d\u2019acqua salata \u00e8 tutti i giorni dalle 09.00h alle 19.00h.\t\t\t\t\t\t\t\t<\/div>\n\t\t\t\t<\/div>\n\t\t\t\t\t<\/div>\n\t\t<\/div>\n\t\t\t\t\t<\/div>\n\t\t<\/section>\n\t\t\t\t<section class=\"elementor-section elementor-inner-section elementor-element elementor-element-84ac5ae elementor-section-content-middle elementor-section-boxed elementor-section-height-default elementor-section-height-default\" data-id=\"84ac5ae\" data-element_type=\"section\" data-e-type=\"section\" data-settings=\"{&quot;_ha_eqh_enable&quot;:false}\">\n\t\t\t\t\t\t<div class=\"elementor-container elementor-column-gap-no\">\n\t\t\t\t\t<div class=\"elementor-column elementor-col-33 elementor-inner-column elementor-element elementor-element-0618c3a\" data-id=\"0618c3a\" data-element_type=\"column\" data-e-type=\"column\">\n\t\t\t<div class=\"elementor-widget-wrap elementor-element-populated\">\n\t\t\t\t\t\t<div class=\"elementor-element elementor-element-f40b606 elementor-widget elementor-widget-image\" data-id=\"f40b606\" data-element_type=\"widget\" data-e-type=\"widget\" data-widget_type=\"image.default\">\n\t\t\t\t<div class=\"elementor-widget-container\">\n\t\t\t\t\t\t\t\t\t\t\t\t\t\t\t<img fetchpriority=\"high\" decoding=\"async\" width=\"2560\" height=\"1920\" src=\"https:\/\/unicorno.eu\/wp-content\/uploads\/2022\/03\/IMG_1734-scaled.jpg\" class=\"attachment-full size-full wp-image-3726\" alt=\"\" srcset=\"https:\/\/unicorno.eu\/wp-content\/uploads\/2022\/03\/IMG_1734-scaled.jpg 2560w, https:\/\/unicorno.eu\/wp-content\/uploads\/2022\/03\/IMG_1734-300x225.jpg 300w, https:\/\/unicorno.eu\/wp-content\/uploads\/2022\/03\/IMG_1734-1024x768.jpg 1024w, https:\/\/unicorno.eu\/wp-content\/uploads\/2022\/03\/IMG_1734-768x576.jpg 768w, https:\/\/unicorno.eu\/wp-content\/uploads\/2022\/03\/IMG_1734-1536x1152.jpg 1536w, https:\/\/unicorno.eu\/wp-content\/uploads\/2022\/03\/IMG_1734-2048x1536.jpg 2048w\" sizes=\"(max-width: 2560px) 100vw, 2560px\" \/>\t\t\t\t\t\t\t\t\t\t\t\t\t\t\t<\/div>\n\t\t\t\t<\/div>\n\t\t\t\t<div class=\"elementor-element elementor-element-1d93d7b elementor-widget elementor-widget-image\" data-id=\"1d93d7b\" data-element_type=\"widget\" data-e-type=\"widget\" data-widget_type=\"image.default\">\n\t\t\t\t<div class=\"elementor-widget-container\">\n\t\t\t\t\t\t\t\t\t\t\t\t\t\t\t<img decoding=\"async\" width=\"2560\" height=\"1707\" src=\"https:\/\/unicorno.eu\/wp-content\/uploads\/2022\/02\/Pool-9235-Klimt-Copyrights--scaled.jpg\" class=\"attachment-full size-full wp-image-3164\" alt=\"\" srcset=\"https:\/\/unicorno.eu\/wp-content\/uploads\/2022\/02\/Pool-9235-Klimt-Copyrights--scaled.jpg 2560w, https:\/\/unicorno.eu\/wp-content\/uploads\/2022\/02\/Pool-9235-Klimt-Copyrights--300x200.jpg 300w, https:\/\/unicorno.eu\/wp-content\/uploads\/2022\/02\/Pool-9235-Klimt-Copyrights--1024x683.jpg 1024w, https:\/\/unicorno.eu\/wp-content\/uploads\/2022\/02\/Pool-9235-Klimt-Copyrights--768x512.jpg 768w, https:\/\/unicorno.eu\/wp-content\/uploads\/2022\/02\/Pool-9235-Klimt-Copyrights--1536x1024.jpg 1536w, https:\/\/unicorno.eu\/wp-content\/uploads\/2022\/02\/Pool-9235-Klimt-Copyrights--2048x1365.jpg 2048w\" sizes=\"(max-width: 2560px) 100vw, 2560px\" \/>\t\t\t\t\t\t\t\t\t\t\t\t\t\t\t<\/div>\n\t\t\t\t<\/div>\n\t\t\t\t\t<\/div>\n\t\t<\/div>\n\t\t\t\t<div class=\"elementor-column elementor-col-33 elementor-inner-column elementor-element elementor-element-aaeb6a5\" data-id=\"aaeb6a5\" data-element_type=\"column\" data-e-type=\"column\">\n\t\t\t<div class=\"elementor-widget-wrap elementor-element-populated\">\n\t\t\t\t\t\t<div class=\"elementor-element elementor-element-6242967 elementor-widget elementor-widget-image\" data-id=\"6242967\" data-element_type=\"widget\" data-e-type=\"widget\" data-widget_type=\"image.default\">\n\t\t\t\t<div class=\"elementor-widget-container\">\n\t\t\t\t\t\t\t\t\t\t\t\t\t\t\t<img decoding=\"async\" width=\"533\" height=\"800\" src=\"https:\/\/unicorno.eu\/wp-content\/uploads\/2021\/12\/umgebung_pool1.jpg\" class=\"attachment-full size-full wp-image-2115\" alt=\"\" srcset=\"https:\/\/unicorno.eu\/wp-content\/uploads\/2021\/12\/umgebung_pool1.jpg 533w, https:\/\/unicorno.eu\/wp-content\/uploads\/2021\/12\/umgebung_pool1-200x300.jpg 200w\" sizes=\"(max-width: 533px) 100vw, 533px\" \/>\t\t\t\t\t\t\t\t\t\t\t\t\t\t\t<\/div>\n\t\t\t\t<\/div>\n\t\t\t\t\t<\/div>\n\t\t<\/div>\n\t\t\t\t<div class=\"elementor-column elementor-col-33 elementor-inner-column elementor-element elementor-element-bc30567\" data-id=\"bc30567\" data-element_type=\"column\" data-e-type=\"column\">\n\t\t\t<div class=\"elementor-widget-wrap elementor-element-populated\">\n\t\t\t\t\t\t<div class=\"elementor-element elementor-element-e4fdc9d elementor-widget elementor-widget-image\" data-id=\"e4fdc9d\" data-element_type=\"widget\" data-e-type=\"widget\" data-widget_type=\"image.default\">\n\t\t\t\t<div class=\"elementor-widget-container\">\n\t\t\t\t\t\t\t\t\t\t\t\t\t\t\t<img loading=\"lazy\" decoding=\"async\" width=\"2560\" height=\"1707\" src=\"https:\/\/unicorno.eu\/wp-content\/uploads\/2022\/03\/foto-per-piscina-Unicorno438-scaled.jpg\" class=\"attachment-full size-full wp-image-3827\" alt=\"\" srcset=\"https:\/\/unicorno.eu\/wp-content\/uploads\/2022\/03\/foto-per-piscina-Unicorno438-scaled.jpg 2560w, https:\/\/unicorno.eu\/wp-content\/uploads\/2022\/03\/foto-per-piscina-Unicorno438-300x200.jpg 300w, https:\/\/unicorno.eu\/wp-content\/uploads\/2022\/03\/foto-per-piscina-Unicorno438-1024x683.jpg 1024w, https:\/\/unicorno.eu\/wp-content\/uploads\/2022\/03\/foto-per-piscina-Unicorno438-768x512.jpg 768w, https:\/\/unicorno.eu\/wp-content\/uploads\/2022\/03\/foto-per-piscina-Unicorno438-1536x1024.jpg 1536w, https:\/\/unicorno.eu\/wp-content\/uploads\/2022\/03\/foto-per-piscina-Unicorno438-2048x1365.jpg 2048w\" sizes=\"(max-width: 2560px) 100vw, 2560px\" \/>\t\t\t\t\t\t\t\t\t\t\t\t\t\t\t<\/div>\n\t\t\t\t<\/div>\n\t\t\t\t<div class=\"elementor-element elementor-element-cb0afc6 elementor-widget elementor-widget-image\" data-id=\"cb0afc6\" data-element_type=\"widget\" data-e-type=\"widget\" data-widget_type=\"image.default\">\n\t\t\t\t<div class=\"elementor-widget-container\">\n\t\t\t\t\t\t\t\t\t\t\t\t\t\t\t<img loading=\"lazy\" decoding=\"async\" width=\"1920\" height=\"2560\" src=\"https:\/\/unicorno.eu\/wp-content\/uploads\/2022\/04\/IMG_5961-scaled-e1649255162563.jpg\" class=\"attachment-full size-full wp-image-3958\" alt=\"\" \/>\t\t\t\t\t\t\t\t\t\t\t\t\t\t\t<\/div>\n\t\t\t\t<\/div>\n\t\t\t\t\t<\/div>\n\t\t<\/div>\n\t\t\t\t\t<\/div>\n\t\t<\/section>\n\t\t\t\t\t<\/div>\n\t\t<\/div>\n\t\t\t\t\t<\/div>\n\t\t<\/section>\n\t\t\t\t<\/div>\n\t\t","protected":false},"excerpt":{"rendered":"<p>Piscina top GODETEVI LA BELLA ITALIA Piacevoli nuotate e comodo relax al caldo sole del lago di Garda Cosa c\u2019\u00e8 di pi\u00f9 rilassante che nuotare, fare il bagno e rilassarsi sul lago di Garda? La nostra piscina d\u2019acqua salata con due sedute di idromassaggio all\u2019interno \u00e8 riscaldata con pannelli solari-termici, in linea con la nostra [&hellip;]<\/p>\n","protected":false},"author":1,"featured_media":0,"parent":2938,"menu_order":0,"comment_status":"closed","ping_status":"closed","template":"","meta":{"site-sidebar-layout":"no-sidebar","site-content-layout":"page-builder","ast-site-content-layout":"default","site-content-style":"default","site-sidebar-style":"default","ast-global-header-display":"","ast-banner-title-visibility":"","ast-main-header-display":"","ast-hfb-above-header-display":"","ast-hfb-below-header-display":"","ast-hfb-mobile-header-display":"","site-post-title":"disabled","ast-breadcrumbs-content":"disabled","ast-featured-img":"disabled","footer-sml-layout":"","ast-disable-related-posts":"","theme-transparent-header-meta":"enabled","adv-header-id-meta":"","stick-header-meta":"","header-above-stick-meta":"","header-main-stick-meta":"","header-below-stick-meta":"","astra-migrate-meta-layouts":"default","ast-page-background-enabled":"default","ast-page-background-meta":{"desktop":{"background-color":"","background-image":"","background-repeat":"repeat","background-position":"center center","background-size":"auto","background-attachment":"scroll","background-type":"","background-media":"","overlay-type":"","overlay-color":"","overlay-opacity":"","overlay-gradient":""},"tablet":{"background-color":"","background-image":"","background-repeat":"repeat","background-position":"center center","background-size":"auto","background-attachment":"scroll","background-type":"","background-media":"","overlay-type":"","overlay-color":"","overlay-opacity":"","overlay-gradient":""},"mobile":{"background-color":"","background-image":"","background-repeat":"repeat","background-position":"center center","background-size":"auto","background-attachment":"scroll","background-type":"","background-media":"","overlay-type":"","overlay-color":"","overlay-opacity":"","overlay-gradient":""}},"ast-content-background-meta":{"desktop":{"background-color":"var(--ast-global-color-5)","background-image":"","background-repeat":"repeat","background-position":"center center","background-size":"auto","background-attachment":"scroll","background-type":"","background-media":"","overlay-type":"","overlay-color":"","overlay-opacity":"","overlay-gradient":""},"tablet":{"background-color":"var(--ast-global-color-5)","background-image":"","background-repeat":"repeat","background-position":"center center","background-size":"auto","background-attachment":"scroll","background-type":"","background-media":"","overlay-type":"","overlay-color":"","overlay-opacity":"","overlay-gradient":""},"mobile":{"background-color":"var(--ast-global-color-5)","background-image":"","background-repeat":"repeat","background-position":"center center","background-size":"auto","background-attachment":"scroll","background-type":"","background-media":"","overlay-type":"","overlay-color":"","overlay-opacity":"","overlay-gradient":""}},"footnotes":""},"class_list":["post-2944","page","type-page","status-publish","hentry"],"_links":{"self":[{"href":"https:\/\/unicorno.eu\/it\/wp-json\/wp\/v2\/pages\/2944","targetHints":{"allow":["GET"]}}],"collection":[{"href":"https:\/\/unicorno.eu\/it\/wp-json\/wp\/v2\/pages"}],"about":[{"href":"https:\/\/unicorno.eu\/it\/wp-json\/wp\/v2\/types\/page"}],"author":[{"embeddable":true,"href":"https:\/\/unicorno.eu\/it\/wp-json\/wp\/v2\/users\/1"}],"replies":[{"embeddable":true,"href":"https:\/\/unicorno.eu\/it\/wp-json\/wp\/v2\/comments?post=2944"}],"version-history":[{"count":12,"href":"https:\/\/unicorno.eu\/it\/wp-json\/wp\/v2\/pages\/2944\/revisions"}],"predecessor-version":[{"id":4271,"href":"https:\/\/unicorno.eu\/it\/wp-json\/wp\/v2\/pages\/2944\/revisions\/4271"}],"up":[{"embeddable":true,"href":"https:\/\/unicorno.eu\/it\/wp-json\/wp\/v2\/pages\/2938"}],"wp:attachment":[{"href":"https:\/\/unicorno.eu\/it\/wp-json\/wp\/v2\/media?parent=2944"}],"curies":[{"name":"wp","href":"https:\/\/api.w.org\/{rel}","templated":true}]}}