{"id":2942,"date":"2022-01-18T16:53:03","date_gmt":"2022-01-18T15:53:03","guid":{"rendered":"https:\/\/unicorno.undefiniert.ch\/la-nostra-casa\/agricoltura\/"},"modified":"2022-05-02T16:30:40","modified_gmt":"2022-05-02T14:30:40","slug":"agricoltura","status":"publish","type":"page","link":"https:\/\/unicorno.eu\/it\/la-nostra-casa\/agricoltura\/","title":{"rendered":"Agricoltura"},"content":{"rendered":"\t\t<div data-elementor-type=\"wp-page\" data-elementor-id=\"2942\" class=\"elementor elementor-2942 elementor-2102\" data-elementor-settings=\"{&quot;ha_cmc_init_switcher&quot;:&quot;no&quot;}\" data-elementor-post-type=\"page\">\n\t\t\t\t\t\t<section class=\"elementor-section elementor-top-section elementor-element elementor-element-f0095a8 elementor-section-boxed elementor-section-height-default elementor-section-height-default\" data-id=\"f0095a8\" data-element_type=\"section\" data-e-type=\"section\" id=\"top\" data-settings=\"{&quot;background_background&quot;:&quot;classic&quot;,&quot;_ha_eqh_enable&quot;:false}\">\n\t\t\t\t\t\t<div class=\"elementor-container elementor-column-gap-no\">\n\t\t\t\t\t<div class=\"elementor-column elementor-col-100 elementor-top-column elementor-element elementor-element-ebb36bc\" data-id=\"ebb36bc\" data-element_type=\"column\" data-e-type=\"column\">\n\t\t\t<div class=\"elementor-widget-wrap elementor-element-populated\">\n\t\t\t\t\t\t<div class=\"elementor-element elementor-element-7e472ae elementor-widget elementor-widget-heading\" data-id=\"7e472ae\" data-element_type=\"widget\" data-e-type=\"widget\" data-widget_type=\"heading.default\">\n\t\t\t\t<div class=\"elementor-widget-container\">\n\t\t\t\t\t<h1 class=\"elementor-heading-title elementor-size-default\">Agricoltura<\/h1>\t\t\t\t<\/div>\n\t\t\t\t<\/div>\n\t\t\t\t\t<\/div>\n\t\t<\/div>\n\t\t\t\t\t<\/div>\n\t\t<\/section>\n\t\t\t\t<section class=\"elementor-section elementor-top-section elementor-element elementor-element-c8babb0 elementor-section-boxed elementor-section-height-default elementor-section-height-default\" data-id=\"c8babb0\" data-element_type=\"section\" data-e-type=\"section\" data-settings=\"{&quot;background_background&quot;:&quot;classic&quot;,&quot;_ha_eqh_enable&quot;:false}\">\n\t\t\t\t\t\t<div class=\"elementor-container elementor-column-gap-no\">\n\t\t\t\t\t<div class=\"elementor-column elementor-col-100 elementor-top-column elementor-element elementor-element-f81a181\" data-id=\"f81a181\" data-element_type=\"column\" data-e-type=\"column\">\n\t\t\t<div class=\"elementor-widget-wrap elementor-element-populated\">\n\t\t\t\t\t\t<div class=\"elementor-element elementor-element-4edea80 elementor-align-right elementor-fixed elementor-widget elementor-widget-global elementor-global-4177 elementor-widget-button\" data-id=\"4edea80\" data-element_type=\"widget\" data-e-type=\"widget\" data-settings=\"{&quot;_position&quot;:&quot;fixed&quot;}\" data-widget_type=\"button.default\">\n\t\t\t\t<div class=\"elementor-widget-container\">\n\t\t\t\t\t\t\t\t\t<div class=\"elementor-button-wrapper\">\n\t\t\t\t\t<a class=\"elementor-button elementor-button-link elementor-size-sm\" href=\"#top\">\n\t\t\t\t\t\t<span class=\"elementor-button-content-wrapper\">\n\t\t\t\t\t\t<span class=\"elementor-button-icon\">\n\t\t\t\t<i aria-hidden=\"true\" class=\"fas fa-arrow-up\"><\/i>\t\t\t<\/span>\n\t\t\t\t\t\t\t\t\t<span class=\"elementor-button-text\">top<\/span>\n\t\t\t\t\t<\/span>\n\t\t\t\t\t<\/a>\n\t\t\t\t<\/div>\n\t\t\t\t\t\t\t\t<\/div>\n\t\t\t\t<\/div>\n\t\t\t\t<div class=\"elementor-element elementor-element-37ad5a0 elementor-widget elementor-widget-heading\" data-id=\"37ad5a0\" data-element_type=\"widget\" data-e-type=\"widget\" data-widget_type=\"heading.default\">\n\t\t\t\t<div class=\"elementor-widget-container\">\n\t\t\t\t\t<h6 class=\"elementor-heading-title elementor-size-default\">Agricoltura tradizionale<\/h6>\t\t\t\t<\/div>\n\t\t\t\t<\/div>\n\t\t\t\t<div class=\"elementor-element elementor-element-07aea79 elementor-widget elementor-widget-heading\" data-id=\"07aea79\" data-element_type=\"widget\" data-e-type=\"widget\" data-widget_type=\"heading.default\">\n\t\t\t\t<div class=\"elementor-widget-container\">\n\t\t\t\t\t<h2 class=\"elementor-heading-title elementor-size-default\">Pazienza, passione e amore - lo si pu\u00f2 gustare nei nostri prodotti<\/h2>\t\t\t\t<\/div>\n\t\t\t\t<\/div>\n\t\t\t\t<div class=\"elementor-element elementor-element-d06835c elementor-widget elementor-widget-image\" data-id=\"d06835c\" data-element_type=\"widget\" data-e-type=\"widget\" data-widget_type=\"image.default\">\n\t\t\t\t<div class=\"elementor-widget-container\">\n\t\t\t\t\t\t\t\t\t\t\t\t\t\t\t<img decoding=\"async\" src=\"https:\/\/unicorno.eu\/wp-content\/uploads\/2021\/04\/divider.svg\" class=\"attachment-full size-full wp-image-1505\" alt=\"\" \/>\t\t\t\t\t\t\t\t\t\t\t\t\t\t\t<\/div>\n\t\t\t\t<\/div>\n\t\t\t\t<section class=\"elementor-section elementor-inner-section elementor-element elementor-element-bfcd8cd elementor-section-boxed elementor-section-height-default elementor-section-height-default\" data-id=\"bfcd8cd\" data-element_type=\"section\" data-e-type=\"section\" data-settings=\"{&quot;_ha_eqh_enable&quot;:false}\">\n\t\t\t\t\t\t<div class=\"elementor-container elementor-column-gap-no\">\n\t\t\t\t\t<div class=\"elementor-column elementor-col-100 elementor-inner-column elementor-element elementor-element-ee4ce10\" data-id=\"ee4ce10\" data-element_type=\"column\" data-e-type=\"column\">\n\t\t\t<div class=\"elementor-widget-wrap elementor-element-populated\">\n\t\t\t\t\t\t<div class=\"elementor-element elementor-element-97ac098 elementor-widget elementor-widget-text-editor\" data-id=\"97ac098\" data-element_type=\"widget\" data-e-type=\"widget\" data-widget_type=\"text-editor.default\">\n\t\t\t\t<div class=\"elementor-widget-container\">\n\t\t\t\t\t\t\t\t\tIl nostro Agriturismo L\u2019Unicorno si trova in mezzo a vigneti, alberi da frutta biologici e oliveti della Valtenesi, circondato da tre ettari di lussureggianti colture biologiche. Corrado \u00e8 un economista aziendale di professione e si \u00e8 poi successivamente formato in viticoltura e agricoltura. Tutto il lavoro \u00e8 fatto a mano e la biodiversit\u00e0 viene prima del profitto. Gli uccelli, insetti e piante sono una grande gioia per tutti noi ogni giorno dell\u2019anno. La nostra frutta e le nostre olive sono certificate biologiche, e i nostri vigneti sono in regime di conversione al Bio. I nostri polli Australorp, i Conigli, i Germani e le Oche godono di una vita felice in libert\u00e0. I prodotti freschi della fattoria ogni giorno arrivano sulla tavola della colazione o della cena.\t\t\t\t\t\t\t\t<\/div>\n\t\t\t\t<\/div>\n\t\t\t\t\t<\/div>\n\t\t<\/div>\n\t\t\t\t\t<\/div>\n\t\t<\/section>\n\t\t\t\t<section class=\"elementor-section elementor-inner-section elementor-element elementor-element-84ac5ae elementor-section-content-middle elementor-section-boxed elementor-section-height-default elementor-section-height-default\" data-id=\"84ac5ae\" data-element_type=\"section\" data-e-type=\"section\" data-settings=\"{&quot;_ha_eqh_enable&quot;:false}\">\n\t\t\t\t\t\t<div class=\"elementor-container elementor-column-gap-no\">\n\t\t\t\t\t<div class=\"elementor-column elementor-col-33 elementor-inner-column elementor-element elementor-element-0618c3a\" data-id=\"0618c3a\" data-element_type=\"column\" data-e-type=\"column\">\n\t\t\t<div class=\"elementor-widget-wrap elementor-element-populated\">\n\t\t\t\t\t\t<div class=\"elementor-element elementor-element-d3f2d63 elementor-widget elementor-widget-image\" data-id=\"d3f2d63\" data-element_type=\"widget\" data-e-type=\"widget\" data-widget_type=\"image.default\">\n\t\t\t\t<div class=\"elementor-widget-container\">\n\t\t\t\t\t\t\t\t\t\t\t\t\t\t\t<img fetchpriority=\"high\" decoding=\"async\" width=\"800\" height=\"532\" src=\"https:\/\/unicorno.eu\/wp-content\/uploads\/2021\/12\/agriturismo_tiere1.jpg\" class=\"attachment-full size-full wp-image-2587\" alt=\"\" srcset=\"https:\/\/unicorno.eu\/wp-content\/uploads\/2021\/12\/agriturismo_tiere1.jpg 800w, https:\/\/unicorno.eu\/wp-content\/uploads\/2021\/12\/agriturismo_tiere1-300x200.jpg 300w, https:\/\/unicorno.eu\/wp-content\/uploads\/2021\/12\/agriturismo_tiere1-768x511.jpg 768w, https:\/\/unicorno.eu\/wp-content\/uploads\/2021\/12\/agriturismo_tiere1-600x399.jpg 600w\" sizes=\"(max-width: 800px) 100vw, 800px\" \/>\t\t\t\t\t\t\t\t\t\t\t\t\t\t\t<\/div>\n\t\t\t\t<\/div>\n\t\t\t\t<div class=\"elementor-element elementor-element-39c8dc1 elementor-widget elementor-widget-image\" data-id=\"39c8dc1\" data-element_type=\"widget\" data-e-type=\"widget\" data-widget_type=\"image.default\">\n\t\t\t\t<div class=\"elementor-widget-container\">\n\t\t\t\t\t\t\t\t\t\t\t\t\t\t\t<img decoding=\"async\" width=\"533\" height=\"800\" src=\"https:\/\/unicorno.eu\/wp-content\/uploads\/2021\/12\/agriturismo_wimmeln2.jpg\" class=\"attachment-full size-full wp-image-2583\" alt=\"\" srcset=\"https:\/\/unicorno.eu\/wp-content\/uploads\/2021\/12\/agriturismo_wimmeln2.jpg 533w, https:\/\/unicorno.eu\/wp-content\/uploads\/2021\/12\/agriturismo_wimmeln2-200x300.jpg 200w\" sizes=\"(max-width: 533px) 100vw, 533px\" \/>\t\t\t\t\t\t\t\t\t\t\t\t\t\t\t<\/div>\n\t\t\t\t<\/div>\n\t\t\t\t<div class=\"elementor-element elementor-element-4b9ac38 elementor-widget elementor-widget-image\" data-id=\"4b9ac38\" data-element_type=\"widget\" data-e-type=\"widget\" data-widget_type=\"image.default\">\n\t\t\t\t<div class=\"elementor-widget-container\">\n\t\t\t\t\t\t\t\t\t\t\t\t\t\t\t<img decoding=\"async\" width=\"800\" height=\"532\" src=\"https:\/\/unicorno.eu\/wp-content\/uploads\/2021\/12\/landwirtschaft_5.jpg\" class=\"attachment-full size-full wp-image-2160\" alt=\"\" srcset=\"https:\/\/unicorno.eu\/wp-content\/uploads\/2021\/12\/landwirtschaft_5.jpg 800w, https:\/\/unicorno.eu\/wp-content\/uploads\/2021\/12\/landwirtschaft_5-300x200.jpg 300w, https:\/\/unicorno.eu\/wp-content\/uploads\/2021\/12\/landwirtschaft_5-768x511.jpg 768w, https:\/\/unicorno.eu\/wp-content\/uploads\/2021\/12\/landwirtschaft_5-600x399.jpg 600w\" sizes=\"(max-width: 800px) 100vw, 800px\" \/>\t\t\t\t\t\t\t\t\t\t\t\t\t\t\t<\/div>\n\t\t\t\t<\/div>\n\t\t\t\t\t<\/div>\n\t\t<\/div>\n\t\t\t\t<div class=\"elementor-column elementor-col-33 elementor-inner-column elementor-element elementor-element-aaeb6a5\" data-id=\"aaeb6a5\" data-element_type=\"column\" data-e-type=\"column\">\n\t\t\t<div class=\"elementor-widget-wrap elementor-element-populated\">\n\t\t\t\t\t\t<div class=\"elementor-element elementor-element-c169a39 elementor-widget elementor-widget-image\" data-id=\"c169a39\" data-element_type=\"widget\" data-e-type=\"widget\" data-widget_type=\"image.default\">\n\t\t\t\t<div class=\"elementor-widget-container\">\n\t\t\t\t\t\t\t\t\t\t\t\t\t\t\t<img loading=\"lazy\" decoding=\"async\" width=\"800\" height=\"532\" src=\"https:\/\/unicorno.eu\/wp-content\/uploads\/2021\/12\/landwirtschaft_1.jpg\" class=\"attachment-full size-full wp-image-2151\" alt=\"\" srcset=\"https:\/\/unicorno.eu\/wp-content\/uploads\/2021\/12\/landwirtschaft_1.jpg 800w, https:\/\/unicorno.eu\/wp-content\/uploads\/2021\/12\/landwirtschaft_1-300x200.jpg 300w, https:\/\/unicorno.eu\/wp-content\/uploads\/2021\/12\/landwirtschaft_1-768x511.jpg 768w, https:\/\/unicorno.eu\/wp-content\/uploads\/2021\/12\/landwirtschaft_1-600x399.jpg 600w\" sizes=\"(max-width: 800px) 100vw, 800px\" \/>\t\t\t\t\t\t\t\t\t\t\t\t\t\t\t<\/div>\n\t\t\t\t<\/div>\n\t\t\t\t<div class=\"elementor-element elementor-element-6242967 elementor-widget elementor-widget-image\" data-id=\"6242967\" data-element_type=\"widget\" data-e-type=\"widget\" data-widget_type=\"image.default\">\n\t\t\t\t<div class=\"elementor-widget-container\">\n\t\t\t\t\t\t\t\t\t\t\t\t\t\t\t<img loading=\"lazy\" decoding=\"async\" width=\"533\" height=\"800\" src=\"https:\/\/unicorno.eu\/wp-content\/uploads\/2021\/12\/landwirtschaft_3-e1649255077807.jpg\" class=\"attachment-full size-full wp-image-2148\" alt=\"\" \/>\t\t\t\t\t\t\t\t\t\t\t\t\t\t\t<\/div>\n\t\t\t\t<\/div>\n\t\t\t\t\t<\/div>\n\t\t<\/div>\n\t\t\t\t<div class=\"elementor-column elementor-col-33 elementor-inner-column elementor-element elementor-element-bc30567\" data-id=\"bc30567\" data-element_type=\"column\" data-e-type=\"column\">\n\t\t\t<div class=\"elementor-widget-wrap elementor-element-populated\">\n\t\t\t\t\t\t<div class=\"elementor-element elementor-element-1d93d7b elementor-widget elementor-widget-image\" data-id=\"1d93d7b\" data-element_type=\"widget\" data-e-type=\"widget\" data-widget_type=\"image.default\">\n\t\t\t\t<div class=\"elementor-widget-container\">\n\t\t\t\t\t\t\t\t\t\t\t\t\t\t\t<img loading=\"lazy\" decoding=\"async\" width=\"2560\" height=\"1920\" src=\"https:\/\/unicorno.eu\/wp-content\/uploads\/2022\/03\/IMG_8484-scaled.jpg\" class=\"attachment-full size-full wp-image-3734\" alt=\"\" srcset=\"https:\/\/unicorno.eu\/wp-content\/uploads\/2022\/03\/IMG_8484-scaled.jpg 2560w, https:\/\/unicorno.eu\/wp-content\/uploads\/2022\/03\/IMG_8484-300x225.jpg 300w, https:\/\/unicorno.eu\/wp-content\/uploads\/2022\/03\/IMG_8484-1024x768.jpg 1024w, https:\/\/unicorno.eu\/wp-content\/uploads\/2022\/03\/IMG_8484-768x576.jpg 768w, https:\/\/unicorno.eu\/wp-content\/uploads\/2022\/03\/IMG_8484-1536x1152.jpg 1536w, https:\/\/unicorno.eu\/wp-content\/uploads\/2022\/03\/IMG_8484-2048x1536.jpg 2048w\" sizes=\"(max-width: 2560px) 100vw, 2560px\" \/>\t\t\t\t\t\t\t\t\t\t\t\t\t\t\t<\/div>\n\t\t\t\t<\/div>\n\t\t\t\t<div class=\"elementor-element elementor-element-f62ad1f elementor-widget elementor-widget-image\" data-id=\"f62ad1f\" data-element_type=\"widget\" data-e-type=\"widget\" data-widget_type=\"image.default\">\n\t\t\t\t<div class=\"elementor-widget-container\">\n\t\t\t\t\t\t\t\t\t\t\t\t\t\t\t<img loading=\"lazy\" decoding=\"async\" width=\"533\" height=\"800\" src=\"https:\/\/unicorno.eu\/wp-content\/uploads\/2021\/12\/agriturismo_wimmeln1.jpg\" class=\"attachment-full size-full wp-image-2580\" alt=\"\" srcset=\"https:\/\/unicorno.eu\/wp-content\/uploads\/2021\/12\/agriturismo_wimmeln1.jpg 533w, https:\/\/unicorno.eu\/wp-content\/uploads\/2021\/12\/agriturismo_wimmeln1-200x300.jpg 200w\" sizes=\"(max-width: 533px) 100vw, 533px\" \/>\t\t\t\t\t\t\t\t\t\t\t\t\t\t\t<\/div>\n\t\t\t\t<\/div>\n\t\t\t\t<div class=\"elementor-element elementor-element-5000736 elementor-widget elementor-widget-image\" data-id=\"5000736\" data-element_type=\"widget\" data-e-type=\"widget\" data-widget_type=\"image.default\">\n\t\t\t\t<div class=\"elementor-widget-container\">\n\t\t\t\t\t\t\t\t\t\t\t\t\t\t\t<img loading=\"lazy\" decoding=\"async\" width=\"800\" height=\"532\" src=\"https:\/\/unicorno.eu\/wp-content\/uploads\/2021\/12\/landwirtschaft_2.jpg\" class=\"attachment-full size-full wp-image-2154\" alt=\"\" srcset=\"https:\/\/unicorno.eu\/wp-content\/uploads\/2021\/12\/landwirtschaft_2.jpg 800w, https:\/\/unicorno.eu\/wp-content\/uploads\/2021\/12\/landwirtschaft_2-300x200.jpg 300w, https:\/\/unicorno.eu\/wp-content\/uploads\/2021\/12\/landwirtschaft_2-768x511.jpg 768w, https:\/\/unicorno.eu\/wp-content\/uploads\/2021\/12\/landwirtschaft_2-600x399.jpg 600w\" sizes=\"(max-width: 800px) 100vw, 800px\" \/>\t\t\t\t\t\t\t\t\t\t\t\t\t\t\t<\/div>\n\t\t\t\t<\/div>\n\t\t\t\t\t<\/div>\n\t\t<\/div>\n\t\t\t\t\t<\/div>\n\t\t<\/section>\n\t\t\t\t\t<\/div>\n\t\t<\/div>\n\t\t\t\t\t<\/div>\n\t\t<\/section>\n\t\t\t\t<\/div>\n\t\t","protected":false},"excerpt":{"rendered":"<p>Agricoltura top Agricoltura tradizionale Pazienza, passione e amore &#8211; lo si pu\u00f2 gustare nei nostri prodotti Il nostro Agriturismo L\u2019Unicorno si trova in mezzo a vigneti, alberi da frutta biologici e oliveti della Valtenesi, circondato da tre ettari di lussureggianti colture biologiche. Corrado \u00e8 un economista aziendale di professione e si \u00e8 poi successivamente formato [&hellip;]<\/p>\n","protected":false},"author":1,"featured_media":0,"parent":2938,"menu_order":0,"comment_status":"closed","ping_status":"closed","template":"","meta":{"site-sidebar-layout":"no-sidebar","site-content-layout":"page-builder","ast-site-content-layout":"default","site-content-style":"default","site-sidebar-style":"default","ast-global-header-display":"","ast-banner-title-visibility":"","ast-main-header-display":"","ast-hfb-above-header-display":"","ast-hfb-below-header-display":"","ast-hfb-mobile-header-display":"","site-post-title":"disabled","ast-breadcrumbs-content":"disabled","ast-featured-img":"disabled","footer-sml-layout":"","ast-disable-related-posts":"","theme-transparent-header-meta":"enabled","adv-header-id-meta":"","stick-header-meta":"","header-above-stick-meta":"","header-main-stick-meta":"","header-below-stick-meta":"","astra-migrate-meta-layouts":"default","ast-page-background-enabled":"default","ast-page-background-meta":{"desktop":{"background-color":"","background-image":"","background-repeat":"repeat","background-position":"center center","background-size":"auto","background-attachment":"scroll","background-type":"","background-media":"","overlay-type":"","overlay-color":"","overlay-opacity":"","overlay-gradient":""},"tablet":{"background-color":"","background-image":"","background-repeat":"repeat","background-position":"center center","background-size":"auto","background-attachment":"scroll","background-type":"","background-media":"","overlay-type":"","overlay-color":"","overlay-opacity":"","overlay-gradient":""},"mobile":{"background-color":"","background-image":"","background-repeat":"repeat","background-position":"center center","background-size":"auto","background-attachment":"scroll","background-type":"","background-media":"","overlay-type":"","overlay-color":"","overlay-opacity":"","overlay-gradient":""}},"ast-content-background-meta":{"desktop":{"background-color":"var(--ast-global-color-5)","background-image":"","background-repeat":"repeat","background-position":"center center","background-size":"auto","background-attachment":"scroll","background-type":"","background-media":"","overlay-type":"","overlay-color":"","overlay-opacity":"","overlay-gradient":""},"tablet":{"background-color":"var(--ast-global-color-5)","background-image":"","background-repeat":"repeat","background-position":"center center","background-size":"auto","background-attachment":"scroll","background-type":"","background-media":"","overlay-type":"","overlay-color":"","overlay-opacity":"","overlay-gradient":""},"mobile":{"background-color":"var(--ast-global-color-5)","background-image":"","background-repeat":"repeat","background-position":"center center","background-size":"auto","background-attachment":"scroll","background-type":"","background-media":"","overlay-type":"","overlay-color":"","overlay-opacity":"","overlay-gradient":""}},"footnotes":""},"class_list":["post-2942","page","type-page","status-publish","hentry"],"_links":{"self":[{"href":"https:\/\/unicorno.eu\/it\/wp-json\/wp\/v2\/pages\/2942","targetHints":{"allow":["GET"]}}],"collection":[{"href":"https:\/\/unicorno.eu\/it\/wp-json\/wp\/v2\/pages"}],"about":[{"href":"https:\/\/unicorno.eu\/it\/wp-json\/wp\/v2\/types\/page"}],"author":[{"embeddable":true,"href":"https:\/\/unicorno.eu\/it\/wp-json\/wp\/v2\/users\/1"}],"replies":[{"embeddable":true,"href":"https:\/\/unicorno.eu\/it\/wp-json\/wp\/v2\/comments?post=2942"}],"version-history":[{"count":9,"href":"https:\/\/unicorno.eu\/it\/wp-json\/wp\/v2\/pages\/2942\/revisions"}],"predecessor-version":[{"id":4276,"href":"https:\/\/unicorno.eu\/it\/wp-json\/wp\/v2\/pages\/2942\/revisions\/4276"}],"up":[{"embeddable":true,"href":"https:\/\/unicorno.eu\/it\/wp-json\/wp\/v2\/pages\/2938"}],"wp:attachment":[{"href":"https:\/\/unicorno.eu\/it\/wp-json\/wp\/v2\/media?parent=2942"}],"curies":[{"name":"wp","href":"https:\/\/api.w.org\/{rel}","templated":true}]}}