{"id":2922,"date":"2022-01-18T14:45:30","date_gmt":"2022-01-18T13:45:30","guid":{"rendered":"https:\/\/unicorno.undefiniert.ch\/modulo-dordine\/"},"modified":"2022-01-18T14:45:30","modified_gmt":"2022-01-18T13:45:30","slug":"modulo-dordine","status":"publish","type":"page","link":"https:\/\/unicorno.eu\/it\/modulo-dordine\/","title":{"rendered":"Modulo d&#8217;ordine"},"content":{"rendered":"\t\t<div data-elementor-type=\"wp-page\" data-elementor-id=\"2922\" class=\"elementor elementor-2922 elementor-2832\" data-elementor-settings=\"{&quot;ha_cmc_init_switcher&quot;:&quot;no&quot;}\" data-elementor-post-type=\"page\">\n\t\t\t\t\t\t<section class=\"elementor-section elementor-top-section elementor-element elementor-element-07547d9 elementor-section-boxed elementor-section-height-default elementor-section-height-default\" data-id=\"07547d9\" data-element_type=\"section\" data-e-type=\"section\" data-settings=\"{&quot;background_background&quot;:&quot;classic&quot;,&quot;_ha_eqh_enable&quot;:false}\">\n\t\t\t\t\t\t<div class=\"elementor-container elementor-column-gap-no\">\n\t\t\t\t\t<div class=\"elementor-column elementor-col-100 elementor-top-column elementor-element elementor-element-dd279f3\" data-id=\"dd279f3\" data-element_type=\"column\" data-e-type=\"column\">\n\t\t\t<div class=\"elementor-widget-wrap elementor-element-populated\">\n\t\t\t\t\t\t<div class=\"elementor-element elementor-element-f1e1745 elementor-widget elementor-widget-heading\" data-id=\"f1e1745\" data-element_type=\"widget\" data-e-type=\"widget\" data-widget_type=\"heading.default\">\n\t\t\t\t<div class=\"elementor-widget-container\">\n\t\t\t\t\t<h1 class=\"elementor-heading-title elementor-size-default\">Modulo d'ordine<\/h1>\t\t\t\t<\/div>\n\t\t\t\t<\/div>\n\t\t\t\t\t<\/div>\n\t\t<\/div>\n\t\t\t\t\t<\/div>\n\t\t<\/section>\n\t\t\t\t<section class=\"elementor-section elementor-top-section elementor-element elementor-element-8cccd6c elementor-section-boxed elementor-section-height-default elementor-section-height-default\" data-id=\"8cccd6c\" data-element_type=\"section\" data-e-type=\"section\" data-settings=\"{&quot;_ha_eqh_enable&quot;:false}\">\n\t\t\t\t\t\t<div class=\"elementor-container elementor-column-gap-default\">\n\t\t\t\t\t<div class=\"elementor-column elementor-col-100 elementor-top-column elementor-element elementor-element-8183202\" data-id=\"8183202\" data-element_type=\"column\" data-e-type=\"column\">\n\t\t\t<div class=\"elementor-widget-wrap elementor-element-populated\">\n\t\t\t\t\t\t<div class=\"elementor-element elementor-element-b4c9277 elementor-widget elementor-widget-spacer\" data-id=\"b4c9277\" data-element_type=\"widget\" data-e-type=\"widget\" data-widget_type=\"spacer.default\">\n\t\t\t\t<div class=\"elementor-widget-container\">\n\t\t\t\t\t\t\t<div class=\"elementor-spacer\">\n\t\t\t<div class=\"elementor-spacer-inner\"><\/div>\n\t\t<\/div>\n\t\t\t\t\t\t<\/div>\n\t\t\t\t<\/div>\n\t\t\t\t\t<\/div>\n\t\t<\/div>\n\t\t\t\t\t<\/div>\n\t\t<\/section>\n\t\t\t\t<section class=\"elementor-section elementor-top-section elementor-element elementor-element-c5f66c2 elementor-section-boxed elementor-section-height-default elementor-section-height-default\" data-id=\"c5f66c2\" data-element_type=\"section\" data-e-type=\"section\" data-settings=\"{&quot;_ha_eqh_enable&quot;:false}\">\n\t\t\t\t\t\t<div class=\"elementor-container elementor-column-gap-default\">\n\t\t\t\t\t<div class=\"elementor-column elementor-col-100 elementor-top-column elementor-element elementor-element-96fbb99\" data-id=\"96fbb99\" data-element_type=\"column\" data-e-type=\"column\">\n\t\t\t<div class=\"elementor-widget-wrap elementor-element-populated\">\n\t\t\t\t\t\t<div class=\"elementor-element elementor-element-9957499 elementor-widget elementor-widget-formidable\" data-id=\"9957499\" data-element_type=\"widget\" data-e-type=\"widget\" data-widget_type=\"formidable.default\">\n\t\t\t\t<div class=\"elementor-widget-container\">\n\t\t\t\t\t<div class=\"frm_forms  with_frm_style frm_style_formidable-style\" id=\"frm_form_2_container\" data-token=\"b3a200194319b81ff08d2ac266df5624\">\n<form enctype=\"multipart\/form-data\" method=\"post\" class=\"frm-show-form  frm_js_validate  frm_ajax_submit  frm_pro_form \" id=\"form_bestellformular\" data-token=\"b3a200194319b81ff08d2ac266df5624\">\n<div class=\"frm_form_fields \">\n<fieldset>\n<legend class=\"frm_screen_reader\">Modulo d'ordine<\/legend>\r\n\r\n<div class=\"frm_fields_container\">\n<input type=\"hidden\" name=\"frm_action\" value=\"create\" \/>\n<input type=\"hidden\" name=\"form_id\" value=\"2\" \/>\n<input type=\"hidden\" name=\"frm_hide_fields_2\" id=\"frm_hide_fields_2\" value=\"\" \/>\n<input type=\"hidden\" name=\"form_key\" value=\"bestellformular\" \/>\n<input type=\"hidden\" name=\"item_meta[0]\" value=\"\" \/>\n<input type=\"hidden\" id=\"frm_submit_entry_2\" name=\"frm_submit_entry_2\" value=\"73477d7495\" \/><input type=\"hidden\" name=\"_wp_http_referer\" value=\"\/it\/wp-json\/wp\/v2\/pages\/2922\" \/><div id=\"frm_field_62_container\" class=\"frm_form_field frm_section_heading form-field \">\r\n<h3 class=\"frm_pos_top frm_section_spacing\">Produkte<\/h3>\r\n\r\n\r\n<div id=\"frm_field_64_container\" class=\"frm_form_field form-field  frm_top_container frm3 frm_first\">\r\n    <label for=\"field_q7uch\" id=\"field_q7uch_label\" class=\"frm_primary_label\">Feigen Anzahl\r\n        <span class=\"frm_required\" aria-hidden=\"true\"><\/span>\r\n    <\/label>\r\n    <input type=\"number\" id=\"field_q7uch\" name=\"item_meta[64]\" value=\"1\" data-sectionid=\"62\"  data-frmproduct=\"[]\"  data-frmval=\"1\" data-invmsg=\"Anzahl ist ung\u00fcltig\" aria-invalid=\"false\"   min=\"0\" max=\"9999999\" step=\"0\" \/>\r\n    \r\n    \r\n<\/div>\n<div id=\"frm_field_69_container\" class=\"frm_form_field  frm3 frm_html_container form-field\">\n<p><strong>Feigen, Zucker - EUR 6.00<\/strong><\/p>\n<p>Unsere FRUCHTKONSERVEN werden ausschlie\u00dflich mit frischem Obst aus eigener Produktion hergestellt. Der Anbau erfolgt streng nach den Kriterien der Ma\u00dfnahme 214 der EWG-Richtlinie f\u00fcr umweltfreundlichen Anbau.<\/p>\n<\/div>\n<div id=\"frm_field_67_container\" class=\"frm_form_field form-field  frm_top_container frm3\">\r\n    <label for=\"field_ea7nk\" id=\"field_ea7nk_label\" class=\"frm_primary_label\">Kaki Anzahl\r\n        <span class=\"frm_required\" aria-hidden=\"true\"><\/span>\r\n    <\/label>\r\n    <input type=\"number\" id=\"field_ea7nk\" name=\"item_meta[67]\" value=\"1\" data-sectionid=\"62\"  data-frmproduct=\"[]\"  data-frmval=\"1\" data-invmsg=\"Anzahl ist ung\u00fcltig\" aria-invalid=\"false\"   min=\"0\" max=\"9999999\" step=\"1\" \/>\r\n    \r\n    \r\n<\/div>\n<div id=\"frm_field_70_container\" class=\"frm_form_field  frm3 frm_html_container form-field\">\n<p><strong>Kaki -EUR 6.00<\/strong><\/p>\n<p>Kaki, Zucker, Pektin, Zitronensaft, Vanille<\/p>\n<\/div>\n<div id=\"frm_field_66_container\" class=\"frm_form_field form-field  frm_top_container frm3 frm_first\">\r\n    <label for=\"field_fjwbi\" id=\"field_fjwbi_label\" class=\"frm_primary_label\">Kiwi Anzahl\r\n        <span class=\"frm_required\" aria-hidden=\"true\"><\/span>\r\n    <\/label>\r\n    <input type=\"number\" id=\"field_fjwbi\" name=\"item_meta[66]\" value=\"1\" data-sectionid=\"62\"  data-frmproduct=\"[]\"  data-frmval=\"1\" data-invmsg=\"Anzahl ist ung\u00fcltig\" aria-invalid=\"false\"   min=\"0\" max=\"9999999\" step=\"1\" \/>\r\n    \r\n    \r\n<\/div>\n<div id=\"frm_field_71_container\" class=\"frm_form_field  frm3 frm_html_container form-field\">\n<p><strong>Kiwi - EUR 6.00<\/strong><\/p>\n<p>Kiwi, Zucker<\/p>\n<\/div>\n<div id=\"frm_field_72_container\" class=\"frm_form_field form-field  frm_top_container frm3\">\r\n    <label for=\"field_ufo6q\" id=\"field_ufo6q_label\" class=\"frm_primary_label\">Winter Sinfonie Anzahl\r\n        <span class=\"frm_required\" aria-hidden=\"true\"><\/span>\r\n    <\/label>\r\n    <input type=\"number\" id=\"field_ufo6q\" name=\"item_meta[72]\" value=\"1\" data-sectionid=\"62\"  data-frmproduct=\"[]\"  data-frmval=\"1\" data-invmsg=\"Anzahl ist ung\u00fcltig\" aria-invalid=\"false\"   min=\"0\" max=\"9999999\" step=\"1\" \/>\r\n    \r\n    \r\n<\/div>\n<div id=\"frm_field_73_container\" class=\"frm_form_field  frm3 frm_html_container form-field\">\n<p><strong>Winter Sinfonie \u2013 mit viel Vitamin C &nbsp;- EUR 6.00<\/strong><\/p>\n<p>Feigen, Zucker<\/p>\n<\/div>\n<div id=\"frm_field_76_container\" class=\"frm_form_field form-field  frm_top_container frm3 frm_first\">\r\n    <label for=\"field_2om4u\" id=\"field_2om4u_label\" class=\"frm_primary_label\">Jujube Anzahl\r\n        <span class=\"frm_required\" aria-hidden=\"true\"><\/span>\r\n    <\/label>\r\n    <input type=\"number\" id=\"field_2om4u\" name=\"item_meta[76]\" value=\"1\" data-sectionid=\"62\"  data-frmproduct=\"[]\"  data-frmval=\"1\" data-invmsg=\"Anzahl ist ung\u00fcltig\" aria-invalid=\"false\"   min=\"0\" max=\"9999999\" step=\"1\" \/>\r\n    \r\n    \r\n<\/div>\n<div id=\"frm_field_75_container\" class=\"frm_form_field  frm3 frm_html_container form-field\">\n<p><strong>Jujube - EUR 6.00<\/strong><\/p>\n<p>Chinesische Jujube (Rote Dattel), Zucker<\/p>\n<\/div>\n<div id=\"frm_field_74_container\" class=\"frm_form_field form-field  frm_top_container frm3\">\r\n    <label for=\"field_lvz8m\" id=\"field_lvz8m_label\" class=\"frm_primary_label\">Sommer Sinfonie Anzahl\r\n        <span class=\"frm_required\" aria-hidden=\"true\"><\/span>\r\n    <\/label>\r\n    <input type=\"number\" id=\"field_lvz8m\" name=\"item_meta[74]\" value=\"1\" data-sectionid=\"62\"  data-frmproduct=\"[]\"  data-frmval=\"1\" data-invmsg=\"Anzahl ist ung\u00fcltig\" aria-invalid=\"false\"   min=\"0\" max=\"9999999\" step=\"1\" \/>\r\n    \r\n    \r\n<\/div>\n<div id=\"frm_field_77_container\" class=\"frm_form_field  frm_fourth frm_html_container form-field\">\n<p><strong>Sommer Sinfonie - EUR 6.00<\/strong><\/p>\n<p>Aprikose, Pfirsich, Erdbeere, Apfel, Pflaume, Zucker<\/p>\n<\/div>\n<div id=\"frm_field_78_container\" class=\"frm_form_field form-field  frm_top_container frm3 frm_first\">\r\n    <label for=\"field_33y6l\" id=\"field_33y6l_label\" class=\"frm_primary_label\">Ribbes Gelees\/Johannisbeeren Anzahl\r\n        <span class=\"frm_required\" aria-hidden=\"true\"><\/span>\r\n    <\/label>\r\n    <input type=\"number\" id=\"field_33y6l\" name=\"item_meta[78]\" value=\"1\" data-sectionid=\"62\"  data-frmproduct=\"[]\"  data-frmval=\"1\" data-invmsg=\"Anzahl ist ung\u00fcltig\" aria-invalid=\"false\"   min=\"0\" max=\"9999999\" step=\"1\" \/>\r\n    \r\n    \r\n<\/div>\n<div id=\"frm_field_79_container\" class=\"frm_form_field  frm3 frm_html_container form-field\">\n<p><strong>Ribbes Gelees\/Johannisbeeren - EUR 6.00<\/strong><\/p>\n<p>Johannisbeeren, Zucker, Glukose, Pektin, Zitronensaft, Rosewein Dama in R\u00f6sa, Myrte<\/p>\n<\/div>\n<div id=\"frm_field_80_container\" class=\"frm_form_field form-field  frm_top_container frm3\">\r\n    <label for=\"field_cab88\" id=\"field_cab88_label\" class=\"frm_primary_label\">Herbst Sinfonie Anzahl\r\n        <span class=\"frm_required\" aria-hidden=\"true\"><\/span>\r\n    <\/label>\r\n    <input type=\"number\" id=\"field_cab88\" name=\"item_meta[80]\" value=\"1\" data-sectionid=\"62\"  data-frmproduct=\"[]\"  data-frmval=\"1\" data-invmsg=\"Anzahl ist ung\u00fcltig\" aria-invalid=\"false\"   min=\"0\" max=\"9999999\" step=\"1\" \/>\r\n    \r\n    \r\n<\/div>\n<div id=\"frm_field_81_container\" class=\"frm_form_field  frm3 frm_html_container form-field\">\n<p><strong>Herbst Sinfonie - EUR 6.00<\/strong><\/p>\n<p>Granatapfel, Zucker, Granatapfelsaft, Brombeeren, Schwarzkirschen, Kirschen, Pektinsaft und Traubenmost<\/p>\n<\/div>\n<div id=\"frm_field_84_container\" class=\"frm_form_field form-field  frm_top_container frm3 frm_first\">\r\n    <label for=\"field_uydl0\" id=\"field_uydl0_label\" class=\"frm_primary_label\">Cumberland Sauce Anzahl\r\n        <span class=\"frm_required\" aria-hidden=\"true\"><\/span>\r\n    <\/label>\r\n    <input type=\"number\" id=\"field_uydl0\" name=\"item_meta[84]\" value=\"1\" data-sectionid=\"62\"  data-frmproduct=\"[]\"  data-frmval=\"1\" data-invmsg=\"Anzahl ist ung\u00fcltig\" aria-invalid=\"false\"   min=\"0\" max=\"9999999\" step=\"0\" \/>\r\n    \r\n    \r\n<\/div>\n<div id=\"frm_field_82_container\" class=\"frm_form_field  frm3 frm_html_container form-field\">\n<p><strong>Ribbes Gelees\/Johannisbeeren - EUR 6.00<\/strong><\/p>\n<p>Johannisbeeren, Zucker, Glukose, Pektin, Orange, Ingwer, Zimt, Nelken, Senf, Zitronensaft, Rotwein Reserv\u00e0 da la Mastrala, Myrte<\/p>\n<\/div>\n<div id=\"frm_field_85_container\" class=\"frm_form_field form-field  frm_top_container frm3\">\r\n    <label for=\"field_qdfwo\" id=\"field_qdfwo_label\" class=\"frm_primary_label\">Oliven\u00f6l Anzahl\r\n        <span class=\"frm_required\" aria-hidden=\"true\"><\/span>\r\n    <\/label>\r\n    <input type=\"number\" id=\"field_qdfwo\" name=\"item_meta[85]\" value=\"1\" data-sectionid=\"62\"  data-frmproduct=\"[]\"  data-frmval=\"1\" data-invmsg=\"Anzahl ist ung\u00fcltig\" aria-invalid=\"false\"   min=\"0\" max=\"9999999\" step=\"1\" \/>\r\n    \r\n    \r\n<\/div>\n<div id=\"frm_field_83_container\" class=\"frm_form_field  frm3 frm_html_container form-field\">\n<p><strong>\u00d6liven\u00f6l - CHF 25.00<\/strong><\/p>\n<p>Extra Vergine, mit Steinpresse verarbeitet und Bio handgelesen und alles vom eigenen Hof<\/p>\n<\/div>\n<div id=\"frm_field_88_container\" class=\"frm_form_field form-field  frm_top_container frm3 frm_first\">\r\n    <label for=\"field_63nxs\" id=\"field_63nxs_label\" class=\"frm_primary_label\">Spumante Anzahl\r\n        <span class=\"frm_required\" aria-hidden=\"true\"><\/span>\r\n    <\/label>\r\n    <input type=\"number\" id=\"field_63nxs\" name=\"item_meta[88]\" value=\"1\" data-sectionid=\"62\"  data-frmproduct=\"[]\"  data-frmval=\"1\" data-invmsg=\"Anzahl ist ung\u00fcltig\" aria-invalid=\"false\"   min=\"0\" max=\"9999999\" step=\"0\" \/>\r\n    \r\n    \r\n<\/div>\n<div id=\"frm_field_87_container\" class=\"frm_form_field  frm3 frm_html_container form-field\">\n<p><strong>Vino Spumante di Qualita - Brut Millesimato 2018 - EUR 59.00<\/strong><\/p>\n<p>von Merum dem Italien-Magazin f\u00fcr Wein, Oliven\u00f6l, Reisen und Speisen besonders empfohlen<\/p>\n<\/div>\n<div id=\"frm_field_89_container\" class=\"frm_form_field form-field  frm_top_container frm3\">\r\n    <label for=\"field_tuzs1\" id=\"field_tuzs1_label\" class=\"frm_primary_label\">Ferdinand Anzahl\r\n        <span class=\"frm_required\" aria-hidden=\"true\"><\/span>\r\n    <\/label>\r\n    <input type=\"number\" id=\"field_tuzs1\" name=\"item_meta[89]\" value=\"1\" data-sectionid=\"62\"  data-frmproduct=\"[]\"  data-frmval=\"1\" data-invmsg=\"Anzahl ist ung\u00fcltig\" aria-invalid=\"false\"   min=\"0\" max=\"9999999\" step=\"1\" \/>\r\n    \r\n    \r\n<\/div>\n<div id=\"frm_field_86_container\" class=\"frm_form_field  frm3 frm_html_container form-field\">\n<p><strong>Benaco Bresciano I.G.T. - Vino Bianco - \"Ferdinand\" - EUR 19.00<\/strong><\/p>\n<p>Spritziger Ap\u00e9ro-Wein, Vorspeisen, Salate, helle Fleisch- oder Fischgerichte, Pasta<\/p>\n<\/div>\n<\/div>\n<div id=\"frm_field_21_container\" class=\"frm_form_field frm_section_heading form-field \">\r\n<h3 class=\"frm_pos_top frm_section_spacing\">Indirizzo di fatturazione e consegna\t<\/h3>\r\n\r\n\r\n<div id=\"frm_field_6_container\" class=\"frm_form_field form-field  frm_required_field frm_top_container frm12 frm_first\">\r\n    <label for=\"field_ex81q\" id=\"field_ex81q_label\" class=\"frm_primary_label\">Nome\r\n        <span class=\"frm_required\" aria-hidden=\"true\">*<\/span>\r\n    <\/label>\r\n    <input  type=\"text\" id=\"field_ex81q\" name=\"item_meta[6]\" value=\"\"  data-sectionid=\"21\"  data-reqmsg=\"Questo campo non deve essere vuoto.\t\" aria-required=\"true\" data-invmsg=\"Text ist ung\u00fcltig\" aria-invalid=\"false\"   \/>\r\n    \r\n    \r\n<\/div>\n<div id=\"frm_field_7_container\" class=\"frm_form_field form-field  frm_required_field frm_top_container frm12 frm_first\">\r\n    <label for=\"field_asotj\" id=\"field_asotj_label\" class=\"frm_primary_label\">Nome e cognome\r\n        <span class=\"frm_required\" aria-hidden=\"true\">*<\/span>\r\n    <\/label>\r\n    <input  type=\"text\" id=\"field_asotj\" name=\"item_meta[7]\" value=\"\"  data-sectionid=\"21\"  data-reqmsg=\"Questo campo non deve essere vuoto.\t\" aria-required=\"true\" data-invmsg=\"Text ist ung\u00fcltig\" aria-invalid=\"false\"   \/>\r\n    \r\n    \r\n<\/div>\n<div id=\"frm_field_15_container\" class=\"frm_form_field form-field  frm_required_field frm_top_container frm12 frm_first\">\r\n    <label for=\"field_nexau\" id=\"field_nexau_label\" class=\"frm_primary_label\">Via &amp; No.\t\r\n        <span class=\"frm_required\" aria-hidden=\"true\">*<\/span>\r\n    <\/label>\r\n    <input  type=\"text\" id=\"field_nexau\" name=\"item_meta[15]\" value=\"\"  data-sectionid=\"21\"  data-reqmsg=\"Questo campo non deve essere vuoto.\t\" aria-required=\"true\" data-invmsg=\"Text ist ung\u00fcltig\" aria-invalid=\"false\"   \/>\r\n    \r\n    \r\n<\/div>\n<div id=\"frm_field_23_container\" class=\"frm_form_field form-field  frm_required_field frm_top_container\">\r\n    <label for=\"field_gd1jt\" id=\"field_gd1jt_label\" class=\"frm_primary_label\">Codice postale e citt\u00e0\t\r\n        <span class=\"frm_required\" aria-hidden=\"true\">*<\/span>\r\n    <\/label>\r\n    <input  type=\"text\" id=\"field_gd1jt\" name=\"item_meta[23]\" value=\"\"  data-sectionid=\"21\"  data-reqmsg=\"Questo campo non deve essere vuoto.\t\" aria-required=\"true\" data-invmsg=\"Text ist ung\u00fcltig\" aria-invalid=\"false\"   \/>\r\n    \r\n    \r\n<\/div>\n<div id=\"frm_field_29_container\" class=\"frm_form_field form-field  frm_required_field frm_top_container\">\r\n    <label for=\"field_tjdwv\" id=\"field_tjdwv_label\" class=\"frm_primary_label\">Paese\t\r\n        <span class=\"frm_required\" aria-hidden=\"true\">*<\/span>\r\n    <\/label>\r\n    <input  type=\"text\" id=\"field_tjdwv\" name=\"item_meta[29]\" value=\"\"  data-sectionid=\"21\"  data-reqmsg=\"Dieses Feld darf nicht leer sein.\" aria-required=\"true\" data-invmsg=\"Text ist ung\u00fcltig\" aria-invalid=\"false\"   \/>\r\n    \r\n    \r\n<\/div>\n<div id=\"frm_field_8_container\" class=\"frm_form_field form-field  frm_required_field frm_top_container frm12 frm_first\">\r\n    <label for=\"field_tea9w\" id=\"field_tea9w_label\" class=\"frm_primary_label\">Telefono\r\n        <span class=\"frm_required\" aria-hidden=\"true\">*<\/span>\r\n    <\/label>\r\n    <input  type=\"text\" id=\"field_tea9w\" name=\"item_meta[8]\" value=\"\"  data-sectionid=\"21\"  data-reqmsg=\"Questo campo non deve essere vuoto.\t\" aria-required=\"true\" data-invmsg=\"Text ist ung\u00fcltig\" aria-invalid=\"false\"   \/>\r\n    \r\n    \r\n<\/div>\n<div id=\"frm_field_9_container\" class=\"frm_form_field form-field  frm_required_field frm_top_container frm12 frm_first\">\r\n    <label for=\"field_so8lw\" id=\"field_so8lw_label\" class=\"frm_primary_label\">E-mail\t\r\n        <span class=\"frm_required\" aria-hidden=\"true\">*<\/span>\r\n    <\/label>\r\n    <input type=\"email\" id=\"field_so8lw\" name=\"item_meta[9]\" value=\"\"  data-sectionid=\"21\"  data-reqmsg=\"Questo campo non deve essere vuoto.\t\" aria-required=\"true\" data-invmsg=\"L&#039;e-mail non \u00e8 valida\t\" aria-invalid=\"false\"  \/>\r\n    \r\n    \r\n<\/div>\n<\/div>\n<div id=\"frm_field_26_container\" class=\"frm_form_field frm_section_heading form-field \">\r\n<h3 class=\"frm_pos_top frm_section_spacing\">Commento sull'ordine\t<\/h3>\r\n\r\n\r\n<div id=\"frm_field_28_container\" class=\"frm_form_field form-field  frm_top_container\">\r\n    <label for=\"field_8g9og\" id=\"field_8g9og_label\" class=\"frm_primary_label\">Commento\r\n        <span class=\"frm_required\" aria-hidden=\"true\"><\/span>\r\n    <\/label>\r\n    <textarea name=\"item_meta[28]\" id=\"field_8g9og\" rows=\"5\"  data-sectionid=\"26\"  data-invmsg=\"Commento ist ung\u00fcltig\" aria-invalid=\"false\"  ><\/textarea>\r\n    \r\n    \r\n<\/div>\n<\/div>\n<div id=\"frm_field_10_container\" class=\"frm_form_field form-field  frm_none_container frm12 frm_first\">\r\n    <label for=\"g-recaptcha-response\" id=\"field_olsh1_label\" class=\"frm_primary_label\">reCAPTCHA\t\r\n        <span class=\"frm_required\" aria-hidden=\"true\"><\/span>\r\n    <\/label>\r\n    <div  id=\"field_olsh1\" class=\"frm-g-recaptcha\" data-sitekey=\"6LekO9ofAAAAACH7Ww8Qw9uMDco46Vp500MiuT6W\" data-size=\"normal\" data-theme=\"light\"><\/div>\r\n    \r\n    \r\n<\/div>\n<div id=\"frm_field_90_container\" class=\"frm_form_field form-field \">\n\t<div class=\"frm_submit\">\r\n\r\n<button class=\"frm_button_submit frm_final_submit\" type=\"submit\"   formnovalidate=\"formnovalidate\">Bestellung absenden<\/button>\r\n\r\n<\/div>\n<\/div>\n\t<input type=\"hidden\" name=\"item_key\" value=\"\" \/>\n\t\t\t<div id=\"frm_field_91_container\">\n\t\t\t<label for=\"field_w98y9\" >\n\t\t\t\tSe sei un essere umano, lascia questo campo vuoto.\t\t\t<\/label>\n\t\t\t<input  id=\"field_w98y9\" type=\"text\" class=\"frm_form_field form-field frm_verify\" name=\"item_meta[91]\" value=\"\"  \/>\n\t\t<\/div>\n\t\t<input name=\"frm_state\" type=\"hidden\" value=\"tfnKZdNar0SQ\/0y5RK1tZ\/sNr5juQ5FYRi649dXh4oyd07kuCMLWI0I6E6MePxaA\" \/><\/div>\n<\/fieldset>\n<\/div>\n\n<\/form>\n<\/div>\n\t\t\t\t<\/div>\n\t\t\t\t<\/div>\n\t\t\t\t\t<\/div>\n\t\t<\/div>\n\t\t\t\t\t<\/div>\n\t\t<\/section>\n\t\t\t\t<section class=\"elementor-section elementor-top-section elementor-element elementor-element-64a4af4 elementor-section-boxed elementor-section-height-default elementor-section-height-default\" data-id=\"64a4af4\" data-element_type=\"section\" data-e-type=\"section\" data-settings=\"{&quot;_ha_eqh_enable&quot;:false}\">\n\t\t\t\t\t\t<div class=\"elementor-container elementor-column-gap-default\">\n\t\t\t\t\t<div class=\"elementor-column elementor-col-100 elementor-top-column elementor-element elementor-element-da831b9\" data-id=\"da831b9\" data-element_type=\"column\" data-e-type=\"column\">\n\t\t\t<div class=\"elementor-widget-wrap elementor-element-populated\">\n\t\t\t\t\t\t<div class=\"elementor-element elementor-element-ae2d222 elementor-widget elementor-widget-spacer\" data-id=\"ae2d222\" data-element_type=\"widget\" data-e-type=\"widget\" data-widget_type=\"spacer.default\">\n\t\t\t\t<div class=\"elementor-widget-container\">\n\t\t\t\t\t\t\t<div class=\"elementor-spacer\">\n\t\t\t<div class=\"elementor-spacer-inner\"><\/div>\n\t\t<\/div>\n\t\t\t\t\t\t<\/div>\n\t\t\t\t<\/div>\n\t\t\t\t\t<\/div>\n\t\t<\/div>\n\t\t\t\t\t<\/div>\n\t\t<\/section>\n\t\t\t\t<\/div>\n\t\t","protected":false},"excerpt":{"rendered":"<p>Modulo d&#8217;ordine Bestellformular Produkte Anzahl Winter Symphonie &#8211; CHF 12.00 Unsere FRUCHTKONSERVEN werden ausschlie\u00dflich mit frischem Obst aus eigener Produktion hergestellt. Der Anbau erfolgt streng nach den Kriterien der Ma\u00dfnahme 214 der EWG-Richtlinie f\u00fcr umweltfreundlichen Anbau. Anzahl Sommertraum &#8211; CHF 12.00 Unsere FRUCHTKONSERVEN werden ausschlie\u00dflich mit frischem Obst aus eigener Produktion hergestellt. Der Anbau erfolgt [&hellip;]<\/p>\n","protected":false},"author":1,"featured_media":0,"parent":0,"menu_order":0,"comment_status":"closed","ping_status":"closed","template":"","meta":{"site-sidebar-layout":"no-sidebar","site-content-layout":"page-builder","ast-site-content-layout":"default","site-content-style":"default","site-sidebar-style":"default","ast-global-header-display":"","ast-banner-title-visibility":"","ast-main-header-display":"","ast-hfb-above-header-display":"","ast-hfb-below-header-display":"","ast-hfb-mobile-header-display":"","site-post-title":"disabled","ast-breadcrumbs-content":"","ast-featured-img":"disabled","footer-sml-layout":"","ast-disable-related-posts":"","theme-transparent-header-meta":"","adv-header-id-meta":"","stick-header-meta":"","header-above-stick-meta":"","header-main-stick-meta":"","header-below-stick-meta":"","astra-migrate-meta-layouts":"default","ast-page-background-enabled":"default","ast-page-background-meta":{"desktop":{"background-color":"","background-image":"","background-repeat":"repeat","background-position":"center center","background-size":"auto","background-attachment":"scroll","background-type":"","background-media":"","overlay-type":"","overlay-color":"","overlay-opacity":"","overlay-gradient":""},"tablet":{"background-color":"","background-image":"","background-repeat":"repeat","background-position":"center center","background-size":"auto","background-attachment":"scroll","background-type":"","background-media":"","overlay-type":"","overlay-color":"","overlay-opacity":"","overlay-gradient":""},"mobile":{"background-color":"","background-image":"","background-repeat":"repeat","background-position":"center center","background-size":"auto","background-attachment":"scroll","background-type":"","background-media":"","overlay-type":"","overlay-color":"","overlay-opacity":"","overlay-gradient":""}},"ast-content-background-meta":{"desktop":{"background-color":"var(--ast-global-color-5)","background-image":"","background-repeat":"repeat","background-position":"center center","background-size":"auto","background-attachment":"scroll","background-type":"","background-media":"","overlay-type":"","overlay-color":"","overlay-opacity":"","overlay-gradient":""},"tablet":{"background-color":"var(--ast-global-color-5)","background-image":"","background-repeat":"repeat","background-position":"center center","background-size":"auto","background-attachment":"scroll","background-type":"","background-media":"","overlay-type":"","overlay-color":"","overlay-opacity":"","overlay-gradient":""},"mobile":{"background-color":"var(--ast-global-color-5)","background-image":"","background-repeat":"repeat","background-position":"center center","background-size":"auto","background-attachment":"scroll","background-type":"","background-media":"","overlay-type":"","overlay-color":"","overlay-opacity":"","overlay-gradient":""}},"footnotes":""},"class_list":["post-2922","page","type-page","status-publish","hentry"],"_links":{"self":[{"href":"https:\/\/unicorno.eu\/it\/wp-json\/wp\/v2\/pages\/2922","targetHints":{"allow":["GET"]}}],"collection":[{"href":"https:\/\/unicorno.eu\/it\/wp-json\/wp\/v2\/pages"}],"about":[{"href":"https:\/\/unicorno.eu\/it\/wp-json\/wp\/v2\/types\/page"}],"author":[{"embeddable":true,"href":"https:\/\/unicorno.eu\/it\/wp-json\/wp\/v2\/users\/1"}],"replies":[{"embeddable":true,"href":"https:\/\/unicorno.eu\/it\/wp-json\/wp\/v2\/comments?post=2922"}],"version-history":[{"count":1,"href":"https:\/\/unicorno.eu\/it\/wp-json\/wp\/v2\/pages\/2922\/revisions"}],"predecessor-version":[{"id":2923,"href":"https:\/\/unicorno.eu\/it\/wp-json\/wp\/v2\/pages\/2922\/revisions\/2923"}],"wp:attachment":[{"href":"https:\/\/unicorno.eu\/it\/wp-json\/wp\/v2\/media?parent=2922"}],"curies":[{"name":"wp","href":"https:\/\/api.w.org\/{rel}","templated":true}]}}